{"id":2878,"date":"2022-03-25T15:37:34","date_gmt":"2022-03-25T12:37:34","guid":{"rendered":"http:\/\/www.cesurfilm.com\/?page_id=2878"},"modified":"2022-04-19T12:02:11","modified_gmt":"2022-04-19T09:02:11","slug":"uretim","status":"publish","type":"page","link":"https:\/\/www.cesurfilm.com\/en\/uretim\/","title":{"rendered":"Production"},"content":{"rendered":"<div data-elementor-type=\"wp-page\" data-elementor-id=\"2878\" class=\"elementor elementor-2878\">\n\t\t\t\t\t\t\t\t\t<section class=\"elementor-section elementor-top-section elementor-element elementor-element-3db5ff77 elementor-section-boxed elementor-section-height-default elementor-section-height-default\" data-id=\"3db5ff77\" data-element_type=\"section\">\n\t\t\t\t\t\t<div class=\"elementor-container elementor-column-gap-default\">\n\t\t\t\t\t<div class=\"elementor-column elementor-col-100 elementor-top-column elementor-element elementor-element-17942567\" data-id=\"17942567\" data-element_type=\"column\">\n\t\t\t<div class=\"elementor-widget-wrap elementor-element-populated\">\n\t\t\t\t\t\t\t\t<div class=\"elementor-element elementor-element-5cee1690 elementor-widget elementor-widget-text-editor\" data-id=\"5cee1690\" data-element_type=\"widget\" data-widget_type=\"text-editor.default\">\n\t\t\t\t<div class=\"elementor-widget-container\">\n\t\t\t<style>\/*! elementor - v3.6.4 - 13-04-2022 *\/\n.elementor-widget-text-editor.elementor-drop-cap-view-stacked .elementor-drop-cap{background-color:#818a91;color:#fff}.elementor-widget-text-editor.elementor-drop-cap-view-framed .elementor-drop-cap{color:#818a91;border:3px solid;background-color:transparent}.elementor-widget-text-editor:not(.elementor-drop-cap-view-default) .elementor-drop-cap{margin-top:8px}.elementor-widget-text-editor:not(.elementor-drop-cap-view-default) .elementor-drop-cap-letter{width:1em;height:1em}.elementor-widget-text-editor .elementor-drop-cap{float:left;text-align:center;line-height:1;font-size:50px}.elementor-widget-text-editor .elementor-drop-cap-letter{display:inline-block}<\/style>\t\t\t\t<div class=\"ww-default wpb_row vc_row-fluid clearfix vc_custom_1412689095756\"><div class=\"ww-container\" ><div class=\"row\"><\/div><\/div><\/div>\r\n\n\t<div class=\"vc_col-sm-10 wpb_column column_container\">\n\t\t<div class=\"wpb_wrapper\">\n\t\t\t\n\t\t<\/div> \n\t<\/div> \n        <h3 class=\"headline text-left underline\" style=\"color: #666666\">\r\n            Production        <\/h3>\r\n    \n\t<div class=\"wpb_text_column wpb_content_element\" >\n\t\t<div class=\"wpb_wrapper\">\n\t\t\t\n\t\t<\/div>\n\t<\/div>\n\n<div>\n<div>\n<div>\n<div>\n<div>\n<div>\n<div><\/div>\n<\/div>\n<\/div>\n<\/div>\n<\/div>\n<\/div>\n<\/div>\n<div style=\"color: black; line-height: 24px; font-weight: 400 !important; font-size: 14px; font-family: 'Open Sans', sans-serif !important;\">Cesurfilm is able to produce up to 10,000 tons per year in its specially designed facilities in accordance with food and hygiene standards, with a fully automated technology machine park where the process is continuously and contactlessly controlled, maximizing production speed and quality. Our production capacity is designed to produce films of different thicknesses and properties in the range of 20 - 250 microns as hose or single layer films with a width of 1265 - 2200 mm.\n<\/div>\t\t\t\t\t\t<\/div>\n\t\t\t\t<\/div>\n\t\t\t\t\t<\/div>\n\t\t<\/div>\n\t\t\t\t\t\t\t<\/div>\n\t\t<\/section>\n\t\t\t\t<section class=\"elementor-section elementor-top-section elementor-element elementor-element-9918db5 elementor-section-boxed elementor-section-height-default elementor-section-height-default\" data-id=\"9918db5\" data-element_type=\"section\">\n\t\t\t\t\t\t<div class=\"elementor-container elementor-column-gap-default\">\n\t\t\t\t\t<div class=\"elementor-column elementor-col-100 elementor-top-column elementor-element elementor-element-fbec85c\" data-id=\"fbec85c\" data-element_type=\"column\">\n\t\t\t<div class=\"elementor-widget-wrap elementor-element-populated\">\n\t\t\t\t\t\t\t\t<div class=\"elementor-element elementor-element-375a10f elementor-widget elementor-widget-spacer\" data-id=\"375a10f\" data-element_type=\"widget\" data-widget_type=\"spacer.default\">\n\t\t\t\t<div class=\"elementor-widget-container\">\n\t\t\t<style>\/*! elementor - v3.6.4 - 13-04-2022 *\/\n.e-container.e-container--row .elementor-spacer-inner{width:var(--spacer-size)}.e-container.e-container--column .elementor-spacer-inner,.elementor-column .elementor-spacer-inner{height:var(--spacer-size)}<\/style>\t\t<div class=\"elementor-spacer\">\n\t\t\t<div class=\"elementor-spacer-inner\"><\/div>\n\t\t<\/div>\n\t\t\t\t<\/div>\n\t\t\t\t<\/div>\n\t\t\t\t\t<\/div>\n\t\t<\/div>\n\t\t\t\t\t\t\t<\/div>\n\t\t<\/section>\n\t\t\t\t\t\t\t<\/div>","protected":false},"excerpt":{"rendered":"<p>Cesurfilm, g\u0131da ve hijyen standartlar\u0131na uygun \u00f6zel dizayn edilmi\u015f tesislerinde, prosesin devaml\u0131 ve temass\u0131z kontrol edildi\u011fi, \u00fcretim h\u0131z\u0131n\u0131 ve kalitesini en yukar\u0131 seviyeye \u00e7eken tam otomatik teknolojiye sahip makine parkuruyla, y\u0131ll\u0131k 10.000 tona ula\u015fan \u00fcretim yapabilmektedir. \u00dcretim kapasitemiz 20 &#8211; 250 mikron aral\u0131\u011f\u0131ndaki farkl\u0131 kal\u0131nl\u0131k ve \u00f6zellikteki filmleri, 1265 &#8211; 2200 mm aras\u0131 geni\u015flikte hortum [&hellip;]<\/p>","protected":false},"author":1,"featured_media":0,"parent":0,"menu_order":0,"comment_status":"open","ping_status":"open","template":"","meta":{"footnotes":""},"class_list":["post-2878","page","type-page","status-publish","hentry"],"_links":{"self":[{"href":"https:\/\/www.cesurfilm.com\/en\/wp-json\/wp\/v2\/pages\/2878","targetHints":{"allow":["GET"]}}],"collection":[{"href":"https:\/\/www.cesurfilm.com\/en\/wp-json\/wp\/v2\/pages"}],"about":[{"href":"https:\/\/www.cesurfilm.com\/en\/wp-json\/wp\/v2\/types\/page"}],"author":[{"embeddable":true,"href":"https:\/\/www.cesurfilm.com\/en\/wp-json\/wp\/v2\/users\/1"}],"replies":[{"embeddable":true,"href":"https:\/\/www.cesurfilm.com\/en\/wp-json\/wp\/v2\/comments?post=2878"}],"version-history":[{"count":49,"href":"https:\/\/www.cesurfilm.com\/en\/wp-json\/wp\/v2\/pages\/2878\/revisions"}],"predecessor-version":[{"id":4288,"href":"https:\/\/www.cesurfilm.com\/en\/wp-json\/wp\/v2\/pages\/2878\/revisions\/4288"}],"wp:attachment":[{"href":"https:\/\/www.cesurfilm.com\/en\/wp-json\/wp\/v2\/media?parent=2878"}],"curies":[{"name":"wp","href":"https:\/\/api.w.org\/{rel}","templated":true}]}}