{"id":3,"date":"2022-03-23T18:16:22","date_gmt":"2022-03-23T15:16:22","guid":{"rendered":"http:\/\/www.cesurfilm.com\/?page_id=3"},"modified":"2022-04-20T12:06:12","modified_gmt":"2022-04-20T09:06:12","slug":"gizlilik-politikasi","status":"publish","type":"page","link":"https:\/\/www.cesurfilm.com\/en\/gizlilik-politikasi\/","title":{"rendered":"Gizlilik Politikas\u0131"},"content":{"rendered":"<div data-elementor-type=\"wp-page\" data-elementor-id=\"3\" class=\"elementor elementor-3\">\n\t\t\t\t\t\t\t\t\t<section class=\"elementor-section elementor-top-section elementor-element elementor-element-136deb07 elementor-section-boxed elementor-section-height-default elementor-section-height-default\" data-id=\"136deb07\" data-element_type=\"section\">\n\t\t\t\t\t\t<div class=\"elementor-container elementor-column-gap-default\">\n\t\t\t\t\t<div class=\"elementor-column elementor-col-100 elementor-top-column elementor-element elementor-element-6eae2d63\" data-id=\"6eae2d63\" data-element_type=\"column\">\n\t\t\t<div class=\"elementor-widget-wrap elementor-element-populated\">\n\t\t\t\t\t\t\t\t<div class=\"elementor-element elementor-element-4abd5dab elementor-widget elementor-widget-text-editor\" data-id=\"4abd5dab\" data-element_type=\"widget\" data-widget_type=\"text-editor.default\">\n\t\t\t\t<div class=\"elementor-widget-container\">\n\t\t\t<style>\/*! elementor - v3.6.4 - 13-04-2022 *\/\n.elementor-widget-text-editor.elementor-drop-cap-view-stacked .elementor-drop-cap{background-color:#818a91;color:#fff}.elementor-widget-text-editor.elementor-drop-cap-view-framed .elementor-drop-cap{color:#818a91;border:3px solid;background-color:transparent}.elementor-widget-text-editor:not(.elementor-drop-cap-view-default) .elementor-drop-cap{margin-top:8px}.elementor-widget-text-editor:not(.elementor-drop-cap-view-default) .elementor-drop-cap-letter{width:1em;height:1em}.elementor-widget-text-editor .elementor-drop-cap{float:left;text-align:center;line-height:1;font-size:50px}.elementor-widget-text-editor .elementor-drop-cap-letter{display:inline-block}<\/style>\t\t\t\t<strong style=\"font-size: 16px;\">Web Sayfas\u0131 \u00c7erez Politikas\u0131<\/strong>\nCesur Ambalaj A\u015e. (\u201cCesur\u201d veya \u201cFirma\u201d) taraf\u0131ndan i\u015fletilen &#8220;www.cesurfilm.com&#8221; web sitesini ziyaret edenlerin ki\u015fisel verilerini 6698 say\u0131l\u0131 Ki\u015fisel Verilerin Korunmas\u0131 Kanunu (\u201cKVKK\u201d) uyar\u0131nca i\u015flemekte ve gizlili\u011fini korumaktay\u0131z.\n<strong>\u00c7EREZ KULLANIMI<\/strong>\n\u0130nternet sitemizden en verimli \u015fekilde faydalanabilmeniz ve kullan\u0131c\u0131 deneyiminizi geli\u015ftirebilmek i\u00e7in Cookie kullan\u0131yoruz. Cookie kullan\u0131lmas\u0131n\u0131 tercih etmezseniz taray\u0131c\u0131n\u0131z\u0131n ayarlar\u0131ndan Cookieleri silebilir ya da engelleyebilirsiniz. Ancak bunun internet sitemizi kullan\u0131m\u0131n\u0131z\u0131 etkileyebilece\u011fini hat\u0131rlatmak isteriz. Bu uyar\u0131dan sonra sayfay\u0131 kullanmaya devam ederseniz politikam\u0131z\u0131 kabul etmi\u015f say\u0131l\u0131rs\u0131n\u0131z.\n<strong>\u0130NTERNET S\u0130TEM\u0130ZDE KULLANILAN COOK\u0130ELER<\/strong>\nCookie Nedir ve Neden Kullan\u0131lmaktad\u0131r?\nCookieler, ziyaret etti\u011finiz internet siteleri taraf\u0131ndan taray\u0131c\u0131lar arac\u0131l\u0131\u011f\u0131yla cihaz\u0131n\u0131za veya a\u011f sunucusuna depolanan k\u00fc\u00e7\u00fck metin dosyalar\u0131d\u0131r.\n\u0130nternet Sitemizde Cookie kullan\u0131lmas\u0131n\u0131n ba\u015fl\u0131ca ama\u00e7lar\u0131 a\u015fa\u011f\u0131da s\u0131ralanmaktad\u0131r:\n\u2022 \u0130nternet sitesinin i\u015flevselli\u011fini ve performans\u0131n\u0131 artt\u0131rmak yoluyla sizlere sunulan hizmetleri geli\u015ftirmek,\n\u2022 \u0130nternet sitesini iyile\u015ftirmek ve internet sitesi \u00fczerinden yeni \u00f6zellikler sunmak ve sunulan \u00f6zellikleri sizlerin tercihlerine g\u00f6re ki\u015fiselle\u015ftirmek;\n\u2022 \u0130nternet sitesinin, sizin ve derne\u011fimizin hukuki ve ticari g\u00fcvenli\u011finin teminini sa\u011flamak.\n<strong>\u0130NTERNET S\u0130TEM\u0130ZDE KULLANILAN COOK\u0130E T\u00dcRLER\u0130<\/strong>\nOturum Cookieleri (Session Cookies)\nOturum Cookieleri ziyaret\u00e7ilerimizin \u0130nternet Sitesini ziyaretleri s\u00fcresince kullan\u0131lan, taray\u0131c\u0131 kapat\u0131ld\u0131ktan sonra silinen ge\u00e7ici Cookielerdir.\nBu t\u00fcr Cookielerin kullan\u0131lmas\u0131n\u0131n temel amac\u0131 ziyaretiniz s\u00fcresince \u0130nternet Sitesinin d\u00fczg\u00fcn bir bi\u00e7imde \u00e7al\u0131\u015fmas\u0131n\u0131n teminini sa\u011flamakt\u0131r\n\u00d6rne\u011fin; birden fazla sayfadan olu\u015fan \u00e7evrimi\u00e7i formlar\u0131 doldurman\u0131z\u0131n sa\u011flanmaktad\u0131r.\nKal\u0131c\u0131 Cookieler (Persistent Cookies)\nKal\u0131c\u0131 Cookieler \u0130nternet Sitesinin i\u015flevselli\u011fini art\u0131rmak, ziyaret\u00e7ilerimize daha h\u0131zl\u0131 ve iyi bir hizmet sunmak amac\u0131yla kullan\u0131lan Cookie t\u00fcrleridir.\nBu t\u00fcr Cookieler tercihlerinizi hat\u0131rlamak i\u00e7in kullan\u0131l\u0131r ve taray\u0131c\u0131lar vas\u0131tas\u0131yla cihaz\u0131n\u0131zda depolan\u0131r.\nKal\u0131c\u0131 Cookielerin baz\u0131 t\u00fcrleri; \u0130nternet Sitesini kullan\u0131m amac\u0131n\u0131z gibi hususlar g\u00f6z \u00f6n\u00fcnde bulundurarak sizlere \u00f6zel \u00f6neriler sunulmas\u0131 i\u00e7in kullan\u0131labilmektedir.\nKal\u0131c\u0131 Cookieler sayesinde \u0130nternet Sitemizi ayn\u0131 cihazla tekrardan ziyaret etmeniz durumunda, cihaz\u0131n\u0131zda \u0130nternet Sitemiz taraf\u0131ndan olu\u015fturulmu\u015f bir Cookie olup olmad\u0131\u011f\u0131 kontrol edilir ve var ise, sizin siteyi daha \u00f6nce ziyaret etti\u011finiz anla\u015f\u0131l\u0131r ve size iletilecek i\u00e7erik bu do\u011frultuda belirlenir ve b\u00f6ylelikle sizlere daha iyi bir hizmet sunulur.\n<strong>\u0130NTERNET S\u0130TEM\u0130ZDE KULLANILAN COOK\u0130ELER<\/strong>\nOtantikasyon Cookieleri\nZiyaret\u00e7iler, \u015fifrelerini kullanarak internet sitesine giri\u015f yapmalar\u0131 durumunda, bu t\u00fcr Cookieler ile ziyaret\u00e7inin internet sitesinde ziyaret etti\u011fi her bir sayfada site kullan\u0131c\u0131s\u0131 oldu\u011fu belirlenerek, kullan\u0131c\u0131n\u0131n her sayfada \u015fifresini yeniden girmesi \u00f6nlenir.\nKi\u015fiselle\u015ftirme Cookieleri (Customization Cookies)\nKullan\u0131c\u0131lar\u0131n tercihlerini farkl\u0131 internet sitelerinin farkl\u0131 sayfalar\u0131n\u0131 ziyarette de hat\u0131rlamak i\u00e7in kullan\u0131lan Cookielerdir. \u00d6rne\u011fin, se\u00e7mi\u015f oldu\u011funuz dil tercihinizin hat\u0131rlanmas\u0131.\nAnalitik Cookieler (Analytical Cookies)\nInternet sitesini ziyaret edenlerin say\u0131lar\u0131, internet sitesinde g\u00f6r\u00fcnt\u00fclenen sayfalar\u0131n tespiti, internet sitesi ziyaret saatleri, internet sitesi sayfalar\u0131 kayd\u0131rma hareketleri gibi analitik sonu\u00e7lar\u0131n \u00fcretimini sa\u011flayan Cookielerdir.\n<strong>COOK\u0130ELER\u0130N KULLANIMI VER\u0130 SAH\u0130PLER\u0130 TARAFINDAN ENGELLENEB\u0130L\u0130R M\u0130?<\/strong>\nAdobe Analytics http:\/\/www.adobe.com\/tr\/privacy\/opt-out.html\n\nGoogle Adwords https:\/\/support.google.com\/ads\/answer\/2662922?hl=tr\n\nGoogle Analytics https:\/\/tools.google.com\/dlpage\/gaoptout\n\nGoogle Chrome https:\/\/support.google.com\/chrome\/answer\/95647?hl=tr\n\nInternet Explorer https:\/\/support.microsoft.com\/tr-tr\/help\/17442\/windows-internet-explorer-delete-manage-cookies\n\nMozillaFirefox https:\/\/support.mozilla.org\/tr\/kb\/\u00c7erez%20Y\u00f6netimi\n\nOpera http:\/\/www.opera.com\/help\/tutorials\/security\/privacy\/\n\nSafari: https:\/\/support.apple.com\/kb\/ph19214?locale=tr_TR\n\n<strong>\u00c7erez Politikas\u0131ndaki De\u011fi\u015fiklikler<\/strong>\nWeb sayfam\u0131z\u0131n \u00c7erez Politikas\u0131n\u0131 g\u00fcncelleyebilece\u011fimizden, \u00e7erezleri nas\u0131l ve ne i\u00e7in kulland\u0131\u011f\u0131m\u0131z hakk\u0131nda daha fazla bilgi edinmek i\u00e7in Web sayfam\u0131za her giri\u015finizde bu politikay\u0131 g\u00f6zden ge\u00e7irmenizi \u00f6neririz. \u00c7erez Politikas\u0131 son olarak \u015eubat 2021 tarihinde g\u00fcncellenmi\u015ftir.\t\t\t\t\t\t<\/div>\n\t\t\t\t<\/div>\n\t\t\t\t\t<\/div>\n\t\t<\/div>\n\t\t\t\t\t\t\t<\/div>\n\t\t<\/section>\n\t\t\t\t\t\t\t<\/div>","protected":false},"excerpt":{"rendered":"<p>Web Sayfas\u0131 \u00c7erez Politikas\u0131 Cesur Ambalaj A\u015e. (\u201cCesur\u201d veya \u201cFirma\u201d) taraf\u0131ndan i\u015fletilen &#8220;www.cesurfilm.com&#8221; web sitesini ziyaret edenlerin ki\u015fisel verilerini 6698 say\u0131l\u0131 Ki\u015fisel Verilerin Korunmas\u0131 Kanunu (\u201cKVKK\u201d) uyar\u0131nca i\u015flemekte ve gizlili\u011fini korumaktay\u0131z. \u00c7EREZ KULLANIMI \u0130nternet sitemizden en verimli \u015fekilde faydalanabilmeniz ve kullan\u0131c\u0131 deneyiminizi geli\u015ftirebilmek i\u00e7in Cookie kullan\u0131yoruz. Cookie kullan\u0131lmas\u0131n\u0131 tercih etmezseniz taray\u0131c\u0131n\u0131z\u0131n ayarlar\u0131ndan Cookieleri silebilir ya [&hellip;]<\/p>","protected":false},"author":1,"featured_media":0,"parent":0,"menu_order":0,"comment_status":"closed","ping_status":"open","template":"","meta":{"footnotes":""},"class_list":["post-3","page","type-page","status-publish","hentry"],"_links":{"self":[{"href":"https:\/\/www.cesurfilm.com\/en\/wp-json\/wp\/v2\/pages\/3","targetHints":{"allow":["GET"]}}],"collection":[{"href":"https:\/\/www.cesurfilm.com\/en\/wp-json\/wp\/v2\/pages"}],"about":[{"href":"https:\/\/www.cesurfilm.com\/en\/wp-json\/wp\/v2\/types\/page"}],"author":[{"embeddable":true,"href":"https:\/\/www.cesurfilm.com\/en\/wp-json\/wp\/v2\/users\/1"}],"replies":[{"embeddable":true,"href":"https:\/\/www.cesurfilm.com\/en\/wp-json\/wp\/v2\/comments?post=3"}],"version-history":[{"count":21,"href":"https:\/\/www.cesurfilm.com\/en\/wp-json\/wp\/v2\/pages\/3\/revisions"}],"predecessor-version":[{"id":4574,"href":"https:\/\/www.cesurfilm.com\/en\/wp-json\/wp\/v2\/pages\/3\/revisions\/4574"}],"wp:attachment":[{"href":"https:\/\/www.cesurfilm.com\/en\/wp-json\/wp\/v2\/media?parent=3"}],"curies":[{"name":"wp","href":"https:\/\/api.w.org\/{rel}","templated":true}]}}