{"id":3292,"date":"2022-04-04T09:25:55","date_gmt":"2022-04-04T06:25:55","guid":{"rendered":"http:\/\/www.cesurfilm.com\/home-page\/surdurulebilirlik-2\/"},"modified":"2022-04-18T14:42:39","modified_gmt":"2022-04-18T11:42:39","slug":"laboratuvar","status":"publish","type":"page","link":"https:\/\/www.cesurfilm.com\/en\/laboratuvar\/","title":{"rendered":"Test Laboratory"},"content":{"rendered":"<div data-elementor-type=\"wp-page\" data-elementor-id=\"3292\" class=\"elementor elementor-3292\">\n\t\t\t\t\t\t\t\t\t<section class=\"elementor-section elementor-top-section elementor-element elementor-element-2516b660 elementor-section-boxed elementor-section-height-default elementor-section-height-default\" data-id=\"2516b660\" data-element_type=\"section\">\n\t\t\t\t\t\t<div class=\"elementor-container elementor-column-gap-default\">\n\t\t\t\t\t<div class=\"elementor-column elementor-col-50 elementor-top-column elementor-element elementor-element-eb83bcf\" data-id=\"eb83bcf\" data-element_type=\"column\">\n\t\t\t<div class=\"elementor-widget-wrap elementor-element-populated\">\n\t\t\t\t\t\t\t\t<div class=\"elementor-element elementor-element-6feda54 elementor-widget elementor-widget-image\" data-id=\"6feda54\" data-element_type=\"widget\" data-widget_type=\"image.default\">\n\t\t\t\t<div class=\"elementor-widget-container\">\n\t\t\t<style>\/*! elementor - v3.6.4 - 13-04-2022 *\/\n.elementor-widget-image{text-align:center}.elementor-widget-image a{display:inline-block}.elementor-widget-image a img[src$=\".svg\"]{width:48px}.elementor-widget-image img{vertical-align:middle;display:inline-block}<\/style>\t\t\t\t\t\t\t\t\t\t\t\t<img loading=\"lazy\" decoding=\"async\" width=\"376\" height=\"376\" src=\"https:\/\/www.cesurfilm.com\/wp-content\/uploads\/2022\/04\/test-makine2-1.png\" class=\"attachment-large size-large\" alt=\"\" srcset=\"https:\/\/www.cesurfilm.com\/wp-content\/uploads\/2022\/04\/test-makine2-1.png 376w, https:\/\/www.cesurfilm.com\/wp-content\/uploads\/2022\/04\/test-makine2-1-300x300.png 300w\" sizes=\"auto, (max-width: 376px) 100vw, 376px\" \/>\t\t\t\t\t\t\t\t\t\t\t\t\t\t\t<\/div>\n\t\t\t\t<\/div>\n\t\t\t\t\t<\/div>\n\t\t<\/div>\n\t\t\t\t<div class=\"elementor-column elementor-col-50 elementor-top-column elementor-element elementor-element-63993baf\" data-id=\"63993baf\" data-element_type=\"column\">\n\t\t\t<div class=\"elementor-widget-wrap elementor-element-populated\">\n\t\t\t\t\t\t\t\t<div class=\"elementor-element elementor-element-6cda7d49 elementor-widget elementor-widget-text-editor\" data-id=\"6cda7d49\" data-element_type=\"widget\" data-widget_type=\"text-editor.default\">\n\t\t\t\t<div class=\"elementor-widget-container\">\n\t\t\t<style>\/*! elementor - v3.6.4 - 13-04-2022 *\/\n.elementor-widget-text-editor.elementor-drop-cap-view-stacked .elementor-drop-cap{background-color:#818a91;color:#fff}.elementor-widget-text-editor.elementor-drop-cap-view-framed .elementor-drop-cap{color:#818a91;border:3px solid;background-color:transparent}.elementor-widget-text-editor:not(.elementor-drop-cap-view-default) .elementor-drop-cap{margin-top:8px}.elementor-widget-text-editor:not(.elementor-drop-cap-view-default) .elementor-drop-cap-letter{width:1em;height:1em}.elementor-widget-text-editor .elementor-drop-cap{float:left;text-align:center;line-height:1;font-size:50px}.elementor-widget-text-editor .elementor-drop-cap-letter{display:inline-block}<\/style>\t\t\t\t<div class=\"vc_col-sm-12 wpb_column column_container\">\n\t\t<div class=\"wpb_wrapper\">\n\t\t\t\n\t<div class=\"wpb_text_column wpb_content_element  vc_custom_1650275997185 lato-light\" >\n\t\t<div class=\"wpb_wrapper\">\n\t\t\t\n\t\t<\/div>\n\t<\/div>\n\n\t\t<\/div> \n\t<\/div> \n<div class=\"ww-default wpb_row vc_row-fluid clearfix vc_custom_1412583157488\"><div class=\"ww-container\" ><div class=\"row\">\r\n\n\t<div class=\"vc_col-sm-12 wpb_column column_container\">\n\t\t<div class=\"wpb_wrapper\">\n\t\t\t        <h3 class=\"headline text-center underline\" style=\"color: #666666\">\r\n            Test Laboratory        <\/h3>\r\n    <div class=\"vc_empty_space\"   style=\"height: 5px\"><span class=\"vc_empty_space_inner\"><\/span><\/div>\n\t\t<\/div> \n\t<\/div> \n<\/div><\/div><\/div><div class=\"ww-default wpb_row vc_row-fluid clearfix\"><div class=\"ww-container\" ><div class=\"row\"><\/div><\/div><\/div>\r\n\n\t<div class=\"vc_col-sm-12 wpb_column column_container\">\n\t\t<div class=\"wpb_wrapper\">\n\t\t\t\n\t\t<\/div> \n\t<\/div> \n\n\t<div class=\"wpb_text_column wpb_content_element  subs_visibility\" id=\"subs_visibility\">\n\t\t<div class=\"wpb_wrapper\">\n\t\t\t\n\t\t<\/div>\n\t<\/div><div class=\"clearfix\"><p>At Cesurfilm we perform following mechanical quality control tests to ensure constant product quality is achieved with various receipes and compliance to national and international standards are met.\n Mechanical Quality tests Executed at Cesur film:<\/p><p>\u00a0<\/p><ul><li>Tenasity and elongation<\/li><li>Heat seal integrity<\/li><li>COF<\/li><li>Hot-Tack<\/li><\/ul><\/div>\t\t\t\t\t\t<\/div>\n\t\t\t\t<\/div>\n\t\t\t\t\t<\/div>\n\t\t<\/div>\n\t\t\t\t\t\t\t<\/div>\n\t\t<\/section>\n\t\t\t\t<section class=\"elementor-section elementor-top-section elementor-element elementor-element-67a2b44 elementor-section-boxed elementor-section-height-default elementor-section-height-default\" data-id=\"67a2b44\" data-element_type=\"section\">\n\t\t\t\t\t\t<div class=\"elementor-container elementor-column-gap-default\">\n\t\t\t\t\t<div class=\"elementor-column elementor-col-100 elementor-top-column elementor-element elementor-element-f538df4\" data-id=\"f538df4\" data-element_type=\"column\">\n\t\t\t<div class=\"elementor-widget-wrap\">\n\t\t\t\t\t\t\t\t\t<\/div>\n\t\t<\/div>\n\t\t\t\t\t\t\t<\/div>\n\t\t<\/section>\n\t\t\t\t<section class=\"elementor-section elementor-top-section elementor-element elementor-element-6640afd elementor-section-boxed elementor-section-height-default elementor-section-height-default\" data-id=\"6640afd\" data-element_type=\"section\">\n\t\t\t\t\t\t<div class=\"elementor-container elementor-column-gap-default\">\n\t\t\t\t\t<div class=\"elementor-column elementor-col-50 elementor-top-column elementor-element elementor-element-f5e57b2\" data-id=\"f5e57b2\" data-element_type=\"column\">\n\t\t\t<div class=\"elementor-widget-wrap elementor-element-populated\">\n\t\t\t\t\t\t\t\t<div class=\"elementor-element elementor-element-2c3793d elementor-widget elementor-widget-image\" data-id=\"2c3793d\" data-element_type=\"widget\" data-widget_type=\"image.default\">\n\t\t\t\t<div class=\"elementor-widget-container\">\n\t\t\t\t\t\t\t\t\t\t\t\t\t\t\t<img loading=\"lazy\" decoding=\"async\" width=\"573\" height=\"378\" src=\"https:\/\/www.cesurfilm.com\/wp-content\/uploads\/2022\/04\/test_makine-removebg-preview-1.png\" class=\"attachment-large size-large\" alt=\"\" \/>\t\t\t\t\t\t\t\t\t\t\t\t\t\t\t<\/div>\n\t\t\t\t<\/div>\n\t\t\t\t\t<\/div>\n\t\t<\/div>\n\t\t\t\t<div class=\"elementor-column elementor-col-50 elementor-top-column elementor-element elementor-element-dc18064\" data-id=\"dc18064\" data-element_type=\"column\">\n\t\t\t<div class=\"elementor-widget-wrap elementor-element-populated\">\n\t\t\t\t\t\t\t\t<div class=\"elementor-element elementor-element-4bc0433 elementor-widget elementor-widget-spacer\" data-id=\"4bc0433\" data-element_type=\"widget\" data-widget_type=\"spacer.default\">\n\t\t\t\t<div class=\"elementor-widget-container\">\n\t\t\t<style>\/*! elementor - v3.6.4 - 13-04-2022 *\/\n.e-container.e-container--row .elementor-spacer-inner{width:var(--spacer-size)}.e-container.e-container--column .elementor-spacer-inner,.elementor-column .elementor-spacer-inner{height:var(--spacer-size)}<\/style>\t\t<div class=\"elementor-spacer\">\n\t\t\t<div class=\"elementor-spacer-inner\"><\/div>\n\t\t<\/div>\n\t\t\t\t<\/div>\n\t\t\t\t<\/div>\n\t\t\t\t\t<\/div>\n\t\t<\/div>\n\t\t\t\t\t\t\t<\/div>\n\t\t<\/section>\n\t\t\t\t<section class=\"elementor-section elementor-top-section elementor-element elementor-element-9aacca2 elementor-section-boxed elementor-section-height-default elementor-section-height-default\" data-id=\"9aacca2\" data-element_type=\"section\">\n\t\t\t\t\t\t<div class=\"elementor-container elementor-column-gap-default\">\n\t\t\t\t\t<div class=\"elementor-column elementor-col-100 elementor-top-column elementor-element elementor-element-4c474d5\" data-id=\"4c474d5\" data-element_type=\"column\">\n\t\t\t<div class=\"elementor-widget-wrap elementor-element-populated\">\n\t\t\t\t\t\t\t\t<div class=\"elementor-element elementor-element-a154f92 elementor-widget elementor-widget-spacer\" data-id=\"a154f92\" data-element_type=\"widget\" data-widget_type=\"spacer.default\">\n\t\t\t\t<div class=\"elementor-widget-container\">\n\t\t\t\t\t<div class=\"elementor-spacer\">\n\t\t\t<div class=\"elementor-spacer-inner\"><\/div>\n\t\t<\/div>\n\t\t\t\t<\/div>\n\t\t\t\t<\/div>\n\t\t\t\t\t<\/div>\n\t\t<\/div>\n\t\t\t\t\t\t\t<\/div>\n\t\t<\/section>\n\t\t\t\t\t\t\t<\/div>","protected":false},"excerpt":{"rendered":"<p>Cesurfilm, istenen kalite seviyesini sa\u011flamak ve geli\u015fen uluslararas\u0131 kalite standartlar\u0131 yakalamak amac\u0131yla b\u00fcnyesinde bulunan test cihazlar\u0131yla ulusal ve uluslararas\u0131 test standartlar\u0131 do\u011frultusunda a\u015fa\u011f\u0131da belirtilen testleri yapmaktad\u0131r. \u00a0 \u00c7ekme, uzama, kopma Is\u0131l kaynak COF Hot-Tack<\/p>","protected":false},"author":1,"featured_media":0,"parent":0,"menu_order":0,"comment_status":"open","ping_status":"open","template":"","meta":{"footnotes":""},"class_list":["post-3292","page","type-page","status-publish","hentry"],"_links":{"self":[{"href":"https:\/\/www.cesurfilm.com\/en\/wp-json\/wp\/v2\/pages\/3292","targetHints":{"allow":["GET"]}}],"collection":[{"href":"https:\/\/www.cesurfilm.com\/en\/wp-json\/wp\/v2\/pages"}],"about":[{"href":"https:\/\/www.cesurfilm.com\/en\/wp-json\/wp\/v2\/types\/page"}],"author":[{"embeddable":true,"href":"https:\/\/www.cesurfilm.com\/en\/wp-json\/wp\/v2\/users\/1"}],"replies":[{"embeddable":true,"href":"https:\/\/www.cesurfilm.com\/en\/wp-json\/wp\/v2\/comments?post=3292"}],"version-history":[{"count":23,"href":"https:\/\/www.cesurfilm.com\/en\/wp-json\/wp\/v2\/pages\/3292\/revisions"}],"predecessor-version":[{"id":4235,"href":"https:\/\/www.cesurfilm.com\/en\/wp-json\/wp\/v2\/pages\/3292\/revisions\/4235"}],"wp:attachment":[{"href":"https:\/\/www.cesurfilm.com\/en\/wp-json\/wp\/v2\/media?parent=3292"}],"curies":[{"name":"wp","href":"https:\/\/api.w.org\/{rel}","templated":true}]}}