{"id":3302,"date":"2022-04-04T09:43:08","date_gmt":"2022-04-04T06:43:08","guid":{"rendered":"http:\/\/www.cesurfilm.com\/surdurulebilirlik-4\/"},"modified":"2022-04-19T12:41:34","modified_gmt":"2022-04-19T09:41:34","slug":"kalitepolitikasi","status":"publish","type":"page","link":"https:\/\/www.cesurfilm.com\/en\/kalitepolitikasi\/","title":{"rendered":"Our Quality Philosophy"},"content":{"rendered":"<div class=\"ww-default wpb_row vc_row-fluid clearfix vc_custom_1412583157488\"><div class=\"ww-container\" ><div class=\"row\">\r\n\n\t<div class=\"vc_col-sm-12 wpb_column column_container\">\n\t\t<div class=\"wpb_wrapper\">\n\t\t\t        <h3 class=\"headline text-center underline\" style=\"color: #666666\">\r\n            Our Quality Policy        <\/h3>\r\n    <div class=\"vc_empty_space\"   style=\"height: 5px\"><span class=\"vc_empty_space_inner\"><\/span><\/div>\n\t\t<\/div> \n\t<\/div> \n<\/div><\/div><\/div><div class=\"ww-default wpb_row vc_row-fluid clearfix\"><div class=\"ww-container\" ><div class=\"row\">\r\n\n\t<div class=\"vc_col-sm-6 wpb_column column_container\">\n\t\t<div class=\"wpb_wrapper\">\n\t\t\t\n\t<div  class=\"wpb_single_image wpb_content_element vc_align_left\">\n\t\t\n\t\t<figure class=\"wpb_wrapper vc_figure\">\n\t\t\t<div class=\"vc_single_image-wrapper   vc_box_border_grey\"><img loading=\"lazy\" decoding=\"async\" class=\"vc_single_image-img\" src=\"https:\/\/www.cesurfilm.com\/wp-content\/uploads\/2022\/03\/test-800x700.webp\" width=\"800\" height=\"700\" alt=\"test\" title=\"test\" \/><\/div>\n\t\t<\/figure>\n\t<\/div>\n\n\t\t<\/div> \n\t<\/div> \n\r\n\n\t<div class=\"vc_col-sm-6 wpb_column column_container\">\n\t\t<div class=\"wpb_wrapper\">\n\t\t\t\n\t<div class=\"wpb_text_column wpb_content_element  subs_visibility\" id=\"subs_visibility\">\n\t\t<div class=\"wpb_wrapper\">\n\t\t\t<div class=\"clearfix\" style=\"color: black; line-height: 24px; font-weight: 400 !important; font-size: 14px; font-family: 'Open Sans', sans-serif !important;\">\n<div class=\"col-md-12\">\n<p><strong>Incoming goods quality control:<\/strong>\u00a0We know we can only produce constant quality products in line with our standards and expectation of our customers, if all incoming goods used are precisely meeting exact agreed product specifications. That's why at Cesurfilm we look for full compliance with industry standards and product specifications durring incoming goods quality control.<\/p>\n<p>&nbsp;<\/p>\n<p><strong>Process control:<\/strong><strong>\u00a0<\/strong>Process control is essential and a very important part of the complete production process enhancing value of the goods used to produce sustainable, premium end products. At Cesurfilm, in order to maintain contunious customer satisfaction, all process and relevant produced products are monitored by our trained and experieneced personnel.<\/p>\n<p>&nbsp;<\/p>\n<p><strong>Compliance with international regulations:<\/strong><strong>\u00a0<\/strong>We pay utmost attention ensuring all products used are food approved according to globally recognised regulations (EC No 1935\/2004, EC No 2023\/2006, EU 10\/2011 and updates), recyclable and sustainable. All relevant national and international regulations concerning our scope are monitored through memberships to organizations. Please contact us about our compliance with current regulations.<\/div>\n<\/div>\n\n\t\t<\/div>\n\t<\/div>\n\n\t\t<\/div> \n\t<\/div> \n<\/div><\/div><\/div><div class=\"ww-default wpb_row vc_row-fluid clearfix\"><div class=\"ww-container\" ><div class=\"row\">\r\n\n\t<div class=\"vc_col-sm-12 wpb_column column_container\">\n\t\t<div class=\"wpb_wrapper\">\n\t\t\t<div class=\"vc_empty_space\"   style=\"height: 32px\"><span class=\"vc_empty_space_inner\"><\/span><\/div>\n\t\t<\/div> \n\t<\/div> \n<\/div><\/div><\/div>","protected":false},"excerpt":{"rendered":"Kalite Politikam\u0131z Giri\u015f kalite kontrol:\u00a0Biliyoruz ki sadece kullan\u0131lacak girdi \u00fcr\u00fcnleri do\u011fru ve tam istenen \u00f6zelliklerde olursa her zaman ayn\u0131 kalitede, m\u00fc\u015fterilerimizin istekleri do\u011frultusunda \u00fcr\u00fcnler \u00fcretebiliriz. Bu nedenle Cesurfilm\u2019de biz giri\u015f kalite kontrolde end\u00fcstri standartlar\u0131na ve \u00fcr\u00fcn spesifikasyonlar\u0131na tam uyum ar\u0131yoruz. &nbsp; Proses kontrol:\u00a0Bitmi\u015f \u00fcr\u00fcn\u00fcn ayn\u0131, s\u00fcrd\u00fcr\u00fclebilir kalitede olmas\u0131n\u0131 sa\u011flamak i\u00e7in kullan\u0131lacak \u00fcr\u00fcn\u00fcn kalitesi kadar \u00f6nemli [...]","protected":false},"author":1,"featured_media":0,"parent":0,"menu_order":0,"comment_status":"open","ping_status":"open","template":"page-titlebar.php","meta":{"footnotes":""},"class_list":["post-3302","page","type-page","status-publish","hentry"],"_links":{"self":[{"href":"https:\/\/www.cesurfilm.com\/en\/wp-json\/wp\/v2\/pages\/3302","targetHints":{"allow":["GET"]}}],"collection":[{"href":"https:\/\/www.cesurfilm.com\/en\/wp-json\/wp\/v2\/pages"}],"about":[{"href":"https:\/\/www.cesurfilm.com\/en\/wp-json\/wp\/v2\/types\/page"}],"author":[{"embeddable":true,"href":"https:\/\/www.cesurfilm.com\/en\/wp-json\/wp\/v2\/users\/1"}],"replies":[{"embeddable":true,"href":"https:\/\/www.cesurfilm.com\/en\/wp-json\/wp\/v2\/comments?post=3302"}],"version-history":[{"count":15,"href":"https:\/\/www.cesurfilm.com\/en\/wp-json\/wp\/v2\/pages\/3302\/revisions"}],"predecessor-version":[{"id":4310,"href":"https:\/\/www.cesurfilm.com\/en\/wp-json\/wp\/v2\/pages\/3302\/revisions\/4310"}],"wp:attachment":[{"href":"https:\/\/www.cesurfilm.com\/en\/wp-json\/wp\/v2\/media?parent=3302"}],"curies":[{"name":"wp","href":"https:\/\/api.w.org\/{rel}","templated":true}]}}