{"id":4188,"date":"2022-04-18T12:30:30","date_gmt":"2022-04-18T09:30:30","guid":{"rendered":"http:\/\/www.cesurfilm.com\/surdurulebilirlik-2\/"},"modified":"2022-04-19T10:58:35","modified_gmt":"2022-04-19T07:58:35","slug":"hakkimizda","status":"publish","type":"page","link":"https:\/\/www.cesurfilm.com\/en\/hakkimizda\/","title":{"rendered":"About Us"},"content":{"rendered":"<div class=\"ww-default wpb_row vc_row-fluid clearfix vc_custom_1412583157488\"><div class=\"ww-container\" ><div class=\"row\">\r\n\n\t<div class=\"vc_col-sm-12 wpb_column column_container\">\n\t\t<div class=\"wpb_wrapper\">\n\t\t\t        <h3 class=\"headline text-center underline\" style=\"color: #666666\">\r\n            About Us        <\/h3>\r\n    <div class=\"vc_empty_space\"   style=\"height: 5px\"><span class=\"vc_empty_space_inner\"><\/span><\/div>\n\t\t<\/div> \n\t<\/div> \n<\/div><\/div><\/div><div class=\"ww-default wpb_row vc_row-fluid clearfix\"><div class=\"ww-container\" ><div class=\"row\">\r\n\n\t<div class=\"vc_col-sm-6 wpb_column column_container\">\n\t\t<div class=\"wpb_wrapper\">\n\t\t\t\n\t<div  class=\"wpb_single_image wpb_content_element vc_align_left\">\n\t\t\n\t\t<figure class=\"wpb_wrapper vc_figure\">\n\t\t\t<div class=\"vc_single_image-wrapper   vc_box_border_grey\"><img loading=\"lazy\" decoding=\"async\" width=\"1024\" height=\"768\" src=\"https:\/\/www.cesurfilm.com\/wp-content\/uploads\/2022\/04\/fabrika-1.jpg\" class=\"vc_single_image-img attachment-full\" alt=\"\" title=\"fabrika\" srcset=\"https:\/\/www.cesurfilm.com\/wp-content\/uploads\/2022\/04\/fabrika-1.jpg 1024w, https:\/\/www.cesurfilm.com\/wp-content\/uploads\/2022\/04\/fabrika-1-768x576.jpg 768w\" sizes=\"auto, (max-width: 1024px) 100vw, 1024px\" \/><\/div>\n\t\t<\/figure>\n\t<\/div>\n\n\t\t<\/div> \n\t<\/div> \n\r\n\n\t<div class=\"vc_col-sm-6 wpb_column column_container\">\n\t\t<div class=\"wpb_wrapper\">\n\t\t\t\n\t<div class=\"wpb_text_column wpb_content_element  subs_visibility\" id=\"subs_visibility\">\n\t\t<div class=\"wpb_wrapper\">\n\t\t\t<div class=\"clearfix\" style=\"font-family: verdana, geneva, sans-serif; color: black;\">\n<p>Cesur was established in 1930 in Istanbul to trade sacks and similar products and started bigbag production in 1980 in Istanbul integrated facilities. It is one of the oldest and well-established industrialist family companies in Turkey. In the following years, with our investments in developing technology and quality, Cesur has become one of the leading companies in its sector in a short time and has expanded its product range in the field of plastic packaging to appeal to different sectors. Today, with our own sales and distribution offices established in 6 continents, we provide fast, reliable, local service to our customers and do not compromise on quality.<\/p>\n<p>&nbsp;<\/p>\n<p>In 2021, in our production facility established in Bilecik, we started to produce Y-Hood, bigbag inner bag, laminating film and Stretch Hood for use in different industries with the most advanced machines of the subject under the name Cesurfilm.<\/p>\n<p>&nbsp;<\/p>\n<p>Cesurfilm aims to be a pioneer in the sectors it serves with the experience it has gained from the past, the business acumen it has maintained since its establishment, the expert staff it has incorporated and its investments in advanced technology.<\/p>\n<p>&nbsp;<\/p>\n<\/div>\n\n\t\t<\/div>\n\t<\/div>\n\n\t\t<\/div> \n\t<\/div> \n<\/div><\/div><\/div><div class=\"ww-default wpb_row vc_row-fluid clearfix\"><div class=\"ww-container\" ><div class=\"row\">\r\n\n\t<div class=\"vc_col-sm-12 wpb_column column_container\">\n\t\t<div class=\"wpb_wrapper\">\n\t\t\t<div class=\"vc_empty_space\"   style=\"height: 200px\"><span class=\"vc_empty_space_inner\"><\/span><\/div>\n\t\t<\/div> \n\t<\/div> \n<\/div><\/div><\/div>","protected":false},"excerpt":{"rendered":"Hakk\u0131m\u0131zda Cesur 1930\u2019 da \u0130stanbul\u2019 da \u00e7uval ve benzeri \u00fcr\u00fcnlerin ticaretini yapmak \u00fczere kurulmu\u015f olup, 1980\u2019 de \u0130stanbul entegre tesislerinde bigbag \u00fcretimine ba\u015flam\u0131\u015ft\u0131r. T\u00fcrkiye\u2019 nin en eski ve k\u00f6kl\u00fc sanayici aile firmalar\u0131ndand\u0131r. \u0130lerleyen y\u0131llarda geli\u015fen teknolojiye ve kaliteye yapt\u0131\u011f\u0131m\u0131z yat\u0131r\u0131mlarla Cesur, k\u0131sa zamanda sekt\u00f6r\u00fcnde \u00f6nc\u00fc firmalardan biri haline gelip plastik ambalaj alan\u0131nda \u00fcr\u00fcn gam\u0131n\u0131 farkl\u0131 [...]","protected":false},"author":1,"featured_media":0,"parent":0,"menu_order":0,"comment_status":"open","ping_status":"open","template":"page-titlebar.php","meta":{"footnotes":""},"class_list":["post-4188","page","type-page","status-publish","hentry"],"_links":{"self":[{"href":"https:\/\/www.cesurfilm.com\/en\/wp-json\/wp\/v2\/pages\/4188","targetHints":{"allow":["GET"]}}],"collection":[{"href":"https:\/\/www.cesurfilm.com\/en\/wp-json\/wp\/v2\/pages"}],"about":[{"href":"https:\/\/www.cesurfilm.com\/en\/wp-json\/wp\/v2\/types\/page"}],"author":[{"embeddable":true,"href":"https:\/\/www.cesurfilm.com\/en\/wp-json\/wp\/v2\/users\/1"}],"replies":[{"embeddable":true,"href":"https:\/\/www.cesurfilm.com\/en\/wp-json\/wp\/v2\/comments?post=4188"}],"version-history":[{"count":13,"href":"https:\/\/www.cesurfilm.com\/en\/wp-json\/wp\/v2\/pages\/4188\/revisions"}],"predecessor-version":[{"id":4279,"href":"https:\/\/www.cesurfilm.com\/en\/wp-json\/wp\/v2\/pages\/4188\/revisions\/4279"}],"wp:attachment":[{"href":"https:\/\/www.cesurfilm.com\/en\/wp-json\/wp\/v2\/media?parent=4188"}],"curies":[{"name":"wp","href":"https:\/\/api.w.org\/{rel}","templated":true}]}}