{"id":4198,"date":"2022-04-18T12:43:45","date_gmt":"2022-04-18T09:43:45","guid":{"rendered":"http:\/\/www.cesurfilm.com\/surdurulebilirlik-2\/"},"modified":"2022-04-19T11:59:17","modified_gmt":"2022-04-19T08:59:17","slug":"misyon-vizyon","status":"publish","type":"page","link":"https:\/\/www.cesurfilm.com\/en\/misyon-vizyon\/","title":{"rendered":"Mission &amp; Vision"},"content":{"rendered":"<div class=\"ww-default wpb_row vc_row-fluid clearfix vc_custom_1412583157488\"><div class=\"ww-container\" ><div class=\"row\">\r\n\n\t<div class=\"vc_col-sm-12 wpb_column column_container\">\n\t\t<div class=\"wpb_wrapper\">\n\t\t\t        <h3 class=\"headline text-center underline\" style=\"color: #666666\">\r\n            Mission &amp; Vision        <\/h3>\r\n    <div class=\"vc_empty_space\"   style=\"height: 5px\"><span class=\"vc_empty_space_inner\"><\/span><\/div>\n\t\t<\/div> \n\t<\/div> \n<\/div><\/div><\/div><div class=\"ww-default wpb_row vc_row-fluid clearfix\"><div class=\"ww-container\" ><div class=\"row\">\r\n\n\t<div class=\"vc_col-sm-6 wpb_column column_container\">\n\t\t<div class=\"wpb_wrapper\">\n\t\t\t\n\t<div  class=\"wpb_single_image wpb_content_element vc_align_left\">\n\t\t\n\t\t<figure class=\"wpb_wrapper vc_figure\">\n\t\t\t<div class=\"vc_single_image-wrapper   vc_box_border_grey\"><img loading=\"lazy\" decoding=\"async\" width=\"1000\" height=\"666\" src=\"https:\/\/www.cesurfilm.com\/wp-content\/uploads\/2022\/04\/mission-visoin-min.jpg\" class=\"vc_single_image-img attachment-full\" alt=\"\" title=\"mission-visoin-min\" srcset=\"https:\/\/www.cesurfilm.com\/wp-content\/uploads\/2022\/04\/mission-visoin-min.jpg 1000w, https:\/\/www.cesurfilm.com\/wp-content\/uploads\/2022\/04\/mission-visoin-min-300x200.jpg 300w, https:\/\/www.cesurfilm.com\/wp-content\/uploads\/2022\/04\/mission-visoin-min-768x511.jpg 768w, https:\/\/www.cesurfilm.com\/wp-content\/uploads\/2022\/04\/mission-visoin-min-600x400.jpg 600w\" sizes=\"auto, (max-width: 1000px) 100vw, 1000px\" \/><\/div>\n\t\t<\/figure>\n\t<\/div>\n\n\t\t<\/div> \n\t<\/div> \n\r\n\n\t<div class=\"vc_col-sm-6 wpb_column column_container\">\n\t\t<div class=\"wpb_wrapper\">\n\t\t\t\n\t<div class=\"wpb_text_column wpb_content_element  subs_visibility\" id=\"subs_visibility\">\n\t\t<div class=\"wpb_wrapper\">\n\t\t\t<div class=\"clearfix\" style=\"color: black; line-height: 24px; font-weight: 400 !important; font-size: 14px; font-family: 'Open Sans', sans-serif !important;\">\n<p><strong>Our Mission <\/strong>is to provide unconditional customer satisfaction and trust at the highest level, to provide solutions to the packaging sector with the best quality products and fast service in production facilities that are sensitive to the environment and nature, programmed to use the country's resources in the most effective way, by closely following the latest developments in technology.<\/p>\n<\/div>\n<p>&nbsp;<\/p>\n<div class=\"clearfix\" style=\"color: black; line-height: 24px; font-weight: 400 !important; font-size: 14px; font-family: 'Open Sans', sans-serif !important;\">\n<p><strong>Our Vision<\/strong>\u00a0is to invest in human resources, state-of-the-art technology products with our philosophy, high production volume, courage and dynamism, creative, innovative and competitive approach and to provide high level product and service quality to our customers worldwide while maintaining our existence as a reputable, strong, honest, reliable institution.<\/p>\n<\/div>\n\n\t\t<\/div>\n\t<\/div>\n\n\t\t<\/div> \n\t<\/div> \n<\/div><\/div><\/div><div class=\"ww-default wpb_row vc_row-fluid clearfix\"><div class=\"ww-container\" ><div class=\"row\">\r\n\n\t<div class=\"vc_col-sm-12 wpb_column column_container\">\n\t\t<div class=\"wpb_wrapper\">\n\t\t\t<div class=\"vc_empty_space\"   style=\"height: 200px\"><span class=\"vc_empty_space_inner\"><\/span><\/div>\n\t\t<\/div> \n\t<\/div> \n<\/div><\/div><\/div>","protected":false},"excerpt":{"rendered":"Misyon &amp; Vizyon Misyonumuz m\u00fc\u015fterilerinin memnuniyetini ve g\u00fcvenini en \u00fcst seviyede ko\u015fulsuz sa\u011flamak, \u00e7evreye ve do\u011faya duyarl\u0131, \u00fclke kaynaklar\u0131n\u0131 en efektif \u015fekilde kullanmaya programl\u0131 \u00fcretim tesislerinde, teknolojinin son geli\u015fmelerini yak\u0131ndan takip ederek, en iyi kalitede \u00fcr\u00fcn ve h\u0131zl\u0131 servis hizmetiyle ambalaj sekt\u00f6r\u00fcne \u00e7\u00f6z\u00fcm sa\u011flamakt\u0131r. &nbsp; Vizyonumuz\u00a0felsefemiz, y\u00fcksek \u00fcretim hacmimiz, cesaret ve dinamizmimiz, yarat\u0131c\u0131, yenilik\u00e7i ve [...]","protected":false},"author":1,"featured_media":0,"parent":0,"menu_order":0,"comment_status":"open","ping_status":"open","template":"page-titlebar.php","meta":{"footnotes":""},"class_list":["post-4198","page","type-page","status-publish","hentry"],"_links":{"self":[{"href":"https:\/\/www.cesurfilm.com\/en\/wp-json\/wp\/v2\/pages\/4198","targetHints":{"allow":["GET"]}}],"collection":[{"href":"https:\/\/www.cesurfilm.com\/en\/wp-json\/wp\/v2\/pages"}],"about":[{"href":"https:\/\/www.cesurfilm.com\/en\/wp-json\/wp\/v2\/types\/page"}],"author":[{"embeddable":true,"href":"https:\/\/www.cesurfilm.com\/en\/wp-json\/wp\/v2\/users\/1"}],"replies":[{"embeddable":true,"href":"https:\/\/www.cesurfilm.com\/en\/wp-json\/wp\/v2\/comments?post=4198"}],"version-history":[{"count":9,"href":"https:\/\/www.cesurfilm.com\/en\/wp-json\/wp\/v2\/pages\/4198\/revisions"}],"predecessor-version":[{"id":4201,"href":"https:\/\/www.cesurfilm.com\/en\/wp-json\/wp\/v2\/pages\/4198\/revisions\/4201"}],"wp:attachment":[{"href":"https:\/\/www.cesurfilm.com\/en\/wp-json\/wp\/v2\/media?parent=4198"}],"curies":[{"name":"wp","href":"https:\/\/api.w.org\/{rel}","templated":true}]}}