{"id":2708,"date":"2014-08-06T10:18:37","date_gmt":"2014-08-06T10:18:37","guid":{"rendered":"http:\/\/demo.cmssuperheroes.com\/Wordpress\/wp_organicfood\/?page_id=8"},"modified":"2022-04-04T13:39:41","modified_gmt":"2022-04-04T10:39:41","slug":"home","status":"publish","type":"page","link":"https:\/\/www.cesurfilm.com\/tr\/","title":{"rendered":"Ana Sayfa"},"content":{"rendered":"<div class=\"ww-default wpb_row vc_row-fluid clearfix\"><div class=\"ww-container\" ><div class=\"row\">\r\n\n\t<div class=\"vc_col-sm-12 wpb_column column_container  \">\n\t\t<div class=\"wpb_wrapper\">\n\t\t\t<div class=\"wpb_revslider_element wpb_content_element\">\n\t\t\t<!-- START homeslider REVOLUTION SLIDER 6.5.7 --><p class=\"rs-p-wp-fix\"><\/p>\n\t\t\t<rs-module-wrap id=\"rev_slider_5_1_wrapper\" data-source=\"gallery\" data-aimg=\"\"  style=\"visibility:hidden;background:#E9E9E9;padding:0;margin:0px auto;margin-top:0;margin-bottom:0;\">\n\t\t\t\t<rs-module id=\"rev_slider_5_1\" style=\"\" data-version=\"6.5.7\">\n\t\t\t\t\t<rs-slides>\n\t\t\t\t\t\t<rs-slide style=\"position: absolute;\" data-key=\"rs-10\" data-title=\"Slide\" data-anim=\"ms:900;f:nodelay;o:outin;\" data-in=\"o:0;x:(15%);y:(-10%);r:20;sx:0.7;sy:0.7;e:power2.out;row:7;col:7;\" data-out=\"x:cyc((60%)|(130%));y:cyc(-90%|170%);r:cyc((-30)|(60));sx:1.3;sy:1.2;row:2;\">\n\t\t\t\t\t\t\t<img loading=\"lazy\" decoding=\"async\" src=\"\/\/www.cesurfilm.com\/wp-content\/plugins\/revslider\/public\/assets\/assets\/dummy.png\" title=\"test\" width=\"1920\" height=\"1000\" class=\"rev-slidebg tp-rs-img rs-lazyload\" data-lazyload=\"\/\/www.cesurfilm.com\/wp-content\/uploads\/2022\/03\/test.webp\" data-panzoom=\"d:5000ms;ss:100;se:120%;\" data-no-retina>\n<!--\n\t\t\t\t\t\t\t--><rs-layer\n\t\t\t\t\t\t\t\tid=\"slider-5-slide-10-layer-16\" \n\t\t\t\t\t\t\t\tdata-type=\"text\"\n\t\t\t\t\t\t\t\tdata-color=\"#fff\"\n\t\t\t\t\t\t\t\tdata-rsp_ch=\"on\"\n\t\t\t\t\t\t\t\tdata-xy=\"x:r;xo:207px,186px,44px,20px;yo:236px,236px,246px,189px;\"\n\t\t\t\t\t\t\t\tdata-text=\"w:nowrap;s:91,63,77,48;l:106,73,90,56;ls:-1,0,0,0;fw:500;a:center;\"\n\t\t\t\t\t\t\t\tdata-dim=\"w:809,591px,693px,436px;minh:0,none,none,none;\"\n\t\t\t\t\t\t\t\tdata-frame_1=\"st:500;sp:750;\"\n\t\t\t\t\t\t\t\tdata-frame_999=\"o:0;st:w;\"\n\t\t\t\t\t\t\t\tstyle=\"z-index:9;font-family:'Poppins';text-transform:uppercase;\"\n\t\t\t\t\t\t\t>S\u00dcRD\u00dcR\u00dcLEB\u0130L\u0130RL\u0130K \n\t\t\t\t\t\t\t<\/rs-layer><!--\n\n\t\t\t\t\t\t\t--><rs-layer\n\t\t\t\t\t\t\t\tid=\"slider-5-slide-10-layer-20\" \n\t\t\t\t\t\t\t\tdata-type=\"text\"\n\t\t\t\t\t\t\t\tdata-color=\"#fff\"\n\t\t\t\t\t\t\t\tdata-rsp_ch=\"on\"\n\t\t\t\t\t\t\t\tdata-xy=\"x:r,c,c,c;xo:192px,35px,-9px,9px;yo:348px,343px,350px,252px;\"\n\t\t\t\t\t\t\t\tdata-text=\"w:normal;s:30,24,25,17;l:56,40,41,29;ls:3,1,0,0;fw:300;\"\n\t\t\t\t\t\t\t\tdata-dim=\"w:816,576px,564.99px,403px;minh:0,none,none,none;\"\n\t\t\t\t\t\t\t\tdata-frame_1=\"e:back.inOut;st:1000;sp:750;\"\n\t\t\t\t\t\t\t\tdata-frame_999=\"o:0;st:w;\"\n\t\t\t\t\t\t\t\tstyle=\"z-index:10;font-family:'Raleway';\"\n\t\t\t\t\t\t\t>Sorumlu davran, \u00f6nceli\u011fin s\u00fcrd\u00fcr\u00fclebilirlik olsun \n\t\t\t\t\t\t\t<\/rs-layer><!--\n-->\t\t\t\t\t\t<\/rs-slide>\n\t\t\t\t\t\t<rs-slide style=\"position: absolute;\" data-key=\"rs-23\" data-title=\"Slide\" data-anim=\"ms:900;f:nodelay;o:outin;\" data-in=\"o:0;x:(15%);y:(-10%);r:20;sx:0.7;sy:0.7;e:power2.out;row:7;col:7;\" data-out=\"x:cyc((60%)|(130%));y:cyc(-90%|170%);r:cyc((-30)|(60));sx:1.3;sy:1.2;row:2;\">\n\t\t\t\t\t\t\t<img loading=\"lazy\" decoding=\"async\" src=\"\/\/www.cesurfilm.com\/wp-content\/plugins\/revslider\/public\/assets\/assets\/dummy.png\" title=\"slider8111\" width=\"1920\" height=\"1000\" class=\"rev-slidebg tp-rs-img rs-lazyload\" data-lazyload=\"\/\/www.cesurfilm.com\/wp-content\/uploads\/2022\/03\/slider8111.webp\" data-panzoom=\"d:5000ms;ss:100;se:120%;\" data-no-retina>\n<!--\n\t\t\t\t\t\t\t--><rs-layer\n\t\t\t\t\t\t\t\tid=\"slider-5-slide-23-layer-7\" \n\t\t\t\t\t\t\t\tdata-type=\"shape\"\n\t\t\t\t\t\t\t\tdata-rsp_ch=\"on\"\n\t\t\t\t\t\t\t\tdata-text=\"w:normal;s:20,16,12,7;l:0,20,15,9;\"\n\t\t\t\t\t\t\t\tdata-dim=\"w:100%;h:100%;\"\n\t\t\t\t\t\t\t\tdata-basealign=\"slide\"\n\t\t\t\t\t\t\t\tdata-frame_999=\"o:0;st:w;\"\n\t\t\t\t\t\t\t\tstyle=\"z-index:5;background-color:rgba(0,0,0,0.5);\"\n\t\t\t\t\t\t\t> \n\t\t\t\t\t\t\t<\/rs-layer><!--\n\n\t\t\t\t\t\t\t--><rs-layer\n\t\t\t\t\t\t\t\tid=\"slider-5-slide-23-layer-10\" \n\t\t\t\t\t\t\t\tdata-type=\"text\"\n\t\t\t\t\t\t\t\tdata-color=\"#fff\"\n\t\t\t\t\t\t\t\tdata-rsp_ch=\"on\"\n\t\t\t\t\t\t\t\tdata-xy=\"x:c;xo:-10px,-34px,12px,-4px;y:m;yo:44px,14px,-19px,48px;\"\n\t\t\t\t\t\t\t\tdata-text=\"w:normal;s:46,37,34,31;l:60,49,45,43;ls:3,2,1,0;fw:300;a:center;\"\n\t\t\t\t\t\t\t\tdata-dim=\"w:587,484,448,363;minh:0,none,none,none;\"\n\t\t\t\t\t\t\t\tdata-frame_1=\"st:900;sp:1000;\"\n\t\t\t\t\t\t\t\tdata-frame_999=\"o:0;st:w;sR:3700;\"\n\t\t\t\t\t\t\t\tstyle=\"z-index:11;font-family:'Raleway';\"\n\t\t\t\t\t\t\t>K\u00fcresel g\u00fcven i\u015fba\u015f\u0131nda \n\t\t\t\t\t\t\t<\/rs-layer><!--\n\n\t\t\t\t\t\t\t--><rs-layer\n\t\t\t\t\t\t\t\tid=\"slider-5-slide-23-layer-12\" \n\t\t\t\t\t\t\t\tdata-type=\"text\"\n\t\t\t\t\t\t\t\tdata-color=\"#fff\"\n\t\t\t\t\t\t\t\tdata-rsp_ch=\"on\"\n\t\t\t\t\t\t\t\tdata-xy=\"x:c;xo:2px,-24px,16px,4px;y:m;yo:-45px,-46px,-95px,-24px;\"\n\t\t\t\t\t\t\t\tdata-text=\"w:nowrap;s:74,61,63,47;l:93,76,77,58;fw:900;a:center;\"\n\t\t\t\t\t\t\t\tdata-dim=\"w:684,564,579,442;minh:0,none,none,none;\"\n\t\t\t\t\t\t\t\tdata-frame_1=\"st:750;sp:1000;\"\n\t\t\t\t\t\t\t\tdata-frame_999=\"o:0;st:w;sR:3700;\"\n\t\t\t\t\t\t\t\tstyle=\"z-index:10;font-family:'Roboto';text-transform:uppercase;\"\n\t\t\t\t\t\t\t>K\u00fcresel Sat\u0131\u015f A\u011f\u0131 \n\t\t\t\t\t\t\t<\/rs-layer><!--\n-->\t\t\t\t\t\t<\/rs-slide>\n\t\t\t\t\t\t<rs-slide style=\"position: absolute;\" data-key=\"rs-24\" data-title=\"Slide\" data-anim=\"ms:900;f:nodelay;o:outin;\" data-in=\"o:0;x:(15%);y:(-10%);r:20;sx:0.7;sy:0.7;e:power2.out;row:7;col:7;\" data-out=\"x:cyc((60%)|(130%));y:cyc(-90%|170%);r:cyc((-30)|(60));sx:1.3;sy:1.2;row:2;\">\n\t\t\t\t\t\t\t<img loading=\"lazy\" decoding=\"async\" src=\"\/\/www.cesurfilm.com\/wp-content\/plugins\/revslider\/public\/assets\/assets\/dummy.png\" title=\"ihtiyacaozel11\" width=\"1920\" height=\"1000\" class=\"rev-slidebg tp-rs-img rs-lazyload\" data-lazyload=\"\/\/www.cesurfilm.com\/wp-content\/uploads\/2022\/04\/ihtiyacaozel11-2.webp\" data-panzoom=\"d:5000ms;ss:100;se:120%;\" data-no-retina>\n<!--\n\t\t\t\t\t\t\t--><rs-layer\n\t\t\t\t\t\t\t\tid=\"slider-5-slide-24-layer-13\" \n\t\t\t\t\t\t\t\tdata-type=\"shape\"\n\t\t\t\t\t\t\t\tdata-rsp_ch=\"on\"\n\t\t\t\t\t\t\t\tdata-text=\"w:normal;s:20,16,12,7;l:0,20,15,9;\"\n\t\t\t\t\t\t\t\tdata-dim=\"w:100%;h:100%;\"\n\t\t\t\t\t\t\t\tdata-basealign=\"slide\"\n\t\t\t\t\t\t\t\tdata-frame_999=\"o:0;st:w;\"\n\t\t\t\t\t\t\t\tstyle=\"z-index:8;background-color:rgba(0,0,0,0.5);\"\n\t\t\t\t\t\t\t> \n\t\t\t\t\t\t\t<\/rs-layer><!--\n\n\t\t\t\t\t\t\t--><rs-layer\n\t\t\t\t\t\t\t\tid=\"slider-5-slide-24-layer-14\" \n\t\t\t\t\t\t\t\tdata-type=\"text\"\n\t\t\t\t\t\t\t\tdata-color=\"#fff\"\n\t\t\t\t\t\t\t\tdata-rsp_ch=\"on\"\n\t\t\t\t\t\t\t\tdata-xy=\"xo:77px,63px,37px,26px;yo:303px,250px,288px,188px;\"\n\t\t\t\t\t\t\t\tdata-text=\"w:nowrap;s:69,56,37,25;l:86,71,52,34;fw:900;a:left,left,center,center;\"\n\t\t\t\t\t\t\t\tdata-dim=\"w:1121,925,707px,441px;minh:0,none,none,none;\"\n\t\t\t\t\t\t\t\tdata-frame_999=\"o:0;st:w;\"\n\t\t\t\t\t\t\t\tstyle=\"z-index:10;font-family:'Roboto';text-transform:uppercase;\"\n\t\t\t\t\t\t\t>\u0130htiyaca \u00f6zel teknik \u00e7\u00f6z\u00fcmler \n\t\t\t\t\t\t\t<\/rs-layer><!--\n\n\t\t\t\t\t\t\t--><rs-layer\n\t\t\t\t\t\t\t\tid=\"slider-5-slide-24-layer-15\" \n\t\t\t\t\t\t\t\tdata-type=\"text\"\n\t\t\t\t\t\t\t\tdata-rsp_ch=\"on\"\n\t\t\t\t\t\t\t\tdata-xy=\"xo:247px,203px,112px,75px;yo:402px,331px,374px,259px;\"\n\t\t\t\t\t\t\t\tdata-text=\"w:normal;s:30,24,29,17;l:57,47,35,21;a:center;\"\n\t\t\t\t\t\t\t\tdata-dim=\"w:782,645,578px,356px;\"\n\t\t\t\t\t\t\t\tdata-frame_1=\"st:1000;sp:750;\"\n\t\t\t\t\t\t\t\tdata-frame_999=\"o:0;st:w;\"\n\t\t\t\t\t\t\t\tstyle=\"z-index:9;font-family:'Roboto';\"\n\t\t\t\t\t\t\t>Fark\u0131, kaliteyi, ki\u015fiye \u00f6zel servisi ya\u015fay\u0131n \n\t\t\t\t\t\t\t<\/rs-layer><!--\n-->\t\t\t\t\t\t<\/rs-slide>\n\t\t\t\t\t<\/rs-slides>\n\t\t\t\t<\/rs-module>\n\t\t\t\t<script type=\"text\/javascript\">\n\t\t\t\t\tsetREVStartSize({c: 'rev_slider_5_1',rl:[1240,1024,778,480],el:[600,650,750,640],gw:[1240,1024,778,480],gh:[600,550,750,500],type:'standard',justify:'',layout:'fullwidth',mh:\"0\"});if (window.RS_MODULES!==undefined && window.RS_MODULES.modules!==undefined && window.RS_MODULES.modules[\"revslider51\"]!==undefined) {window.RS_MODULES.modules[\"revslider51\"].once = false;window.revapi5 = undefined;if (window.RS_MODULES.checkMinimal!==undefined) window.RS_MODULES.checkMinimal()}\n\t\t\t\t<\/script>\n\t\t\t<\/rs-module-wrap>\n\t\t\t<!-- END REVOLUTION SLIDER -->\n<\/div>\n\t\t<\/div> \n\t<\/div> \n<\/div><\/div><\/div>\n","protected":false},"excerpt":{"rendered":"S\u00dcRD\u00dcR\u00dcLEB\u0130L\u0130RL\u0130K Sorumlu davran, \u00f6nceli\u011fin s\u00fcrd\u00fcr\u00fclebilirlik olsun K\u00fcresel g\u00fcven i\u015fba\u015f\u0131nda K\u00fcresel Sat\u0131\u015f A\u011f\u0131 \u0130htiyaca \u00f6zel teknik \u00e7\u00f6z\u00fcmler Fark\u0131, kaliteyi, ki\u015fiye \u00f6zel servisi ya\u015fay\u0131n","protected":false},"author":1,"featured_media":0,"parent":2361,"menu_order":0,"comment_status":"open","ping_status":"open","template":"page-titlebar.php","meta":{"footnotes":""},"class_list":["post-2708","page","type-page","status-publish","hentry"],"_links":{"self":[{"href":"https:\/\/www.cesurfilm.com\/tr\/wp-json\/wp\/v2\/pages\/2708","targetHints":{"allow":["GET"]}}],"collection":[{"href":"https:\/\/www.cesurfilm.com\/tr\/wp-json\/wp\/v2\/pages"}],"about":[{"href":"https:\/\/www.cesurfilm.com\/tr\/wp-json\/wp\/v2\/types\/page"}],"author":[{"embeddable":true,"href":"https:\/\/www.cesurfilm.com\/tr\/wp-json\/wp\/v2\/users\/1"}],"replies":[{"embeddable":true,"href":"https:\/\/www.cesurfilm.com\/tr\/wp-json\/wp\/v2\/comments?post=2708"}],"version-history":[{"count":41,"href":"https:\/\/www.cesurfilm.com\/tr\/wp-json\/wp\/v2\/pages\/2708\/revisions"}],"predecessor-version":[{"id":3328,"href":"https:\/\/www.cesurfilm.com\/tr\/wp-json\/wp\/v2\/pages\/2708\/revisions\/3328"}],"up":[{"embeddable":true,"href":"https:\/\/www.cesurfilm.com\/tr\/wp-json\/wp\/v2\/pages\/2361"}],"wp:attachment":[{"href":"https:\/\/www.cesurfilm.com\/tr\/wp-json\/wp\/v2\/media?parent=2708"}],"curies":[{"name":"wp","href":"https:\/\/api.w.org\/{rel}","templated":true}]}}