{"id":837,"date":"2014-08-28T10:36:36","date_gmt":"2014-08-28T10:36:36","guid":{"rendered":"http:\/\/demo.cmssuperheroes.com\/Wordpress\/wp_organicfood\/?page_id=837"},"modified":"2022-04-19T12:36:11","modified_gmt":"2022-04-19T09:36:11","slug":"surdurulebilirlik","status":"publish","type":"page","link":"https:\/\/www.cesurfilm.com\/tr\/surdurulebilirlik\/","title":{"rendered":"S\u00fcrd\u00fcr\u00fclebilirlik"},"content":{"rendered":"<div class=\"ww-default wpb_row vc_row-fluid clearfix vc_custom_1412583157488\"><div class=\"ww-container\" ><div class=\"row\">\r\n\n\t<div class=\"vc_col-sm-12 wpb_column column_container  \">\n\t\t<div class=\"wpb_wrapper\">\n\t\t\t        <h3 class=\"headline text-center underline  \" style=\"color: #666666\">\r\n            S\u00fcrd\u00fcr\u00fclebilirlik        <\/h3>\r\n    <div class=\"vc_empty_space\"   style=\"height: 5px\"><span class=\"vc_empty_space_inner\"><\/span><\/div>\n\t\t<\/div> \n\t<\/div> \n<\/div><\/div><\/div><div class=\"ww-default wpb_row vc_row-fluid clearfix\"><div class=\"ww-container\" ><div class=\"row\">\r\n\n\t<div class=\"vc_col-sm-6 wpb_column column_container  \">\n\t\t<div class=\"wpb_wrapper\">\n\t\t\t\n\t<div  class=\"wpb_single_image wpb_content_element vc_align_left\">\n\t\t\n\t\t<figure class=\"wpb_wrapper vc_figure\">\n\t\t\t<div class=\"vc_single_image-wrapper   vc_box_border_grey\"><img loading=\"lazy\" decoding=\"async\" class=\"vc_single_image-img \" src=\"https:\/\/www.cesurfilm.com\/wp-content\/uploads\/2022\/03\/test-800x700.webp\" width=\"800\" height=\"700\" alt=\"test\" title=\"test\" \/><\/div>\n\t\t<\/figure>\n\t<\/div>\n\n\t\t<\/div> \n\t<\/div> \n\r\n\n\t<div class=\"vc_col-sm-6 wpb_column column_container  \">\n\t\t<div class=\"wpb_wrapper\">\n\t\t\t\n\t<div class=\"wpb_text_column wpb_content_element  subs_visibility\" id=\"subs_visibility\">\n\t\t<div class=\"wpb_wrapper\">\n\t\t\t<div class=\"clearfix\" style=\"color: black; line-height: 24px; font-weight: 400 !important; font-size: 14px; font-family: 'Open Sans', sans-serif !important;\">\n<p><strong>\u00c7evre y\u00f6netimi ve enerji kaynaklar\u0131n\u0131n<\/strong> do\u011fru kullan\u0131lmas\u0131 \u00e7er\u00e7evesinde uygulamalar\u0131m\u0131z\u0131n s\u00fcrd\u00fcr\u00fclebilirlik performans\u0131m\u0131z \u00fczerindeki etkisini kabul ediyor, hukuksal zorunluluklar\u0131n \u00f6tesinde sorumlu s\u00fcre\u00e7ler ortaya koyuyoruz.<\/p>\n<p>&nbsp;<\/p>\n<p><strong>\u00c7evresel risk ve tehditleri<\/strong> tespit ederek bu tehditleri y\u00f6netecek uygulamalar geli\u015ftiriyor; yak\u0131t tasarrufu, su tasarrufu, malzeme verimlili\u011fi yemekhane at\u0131klar\u0131n\u0131n hayvan bar\u0131nma kurumlar\u0131na iletilmesi, \u00e7al\u0131\u015fanlar\u0131m\u0131z\u0131n firmam\u0131z taraf\u0131ndan sa\u011flanan toplu ta\u015f\u0131ma hizmetine te\u015fvik edilmesi, y\u00fckleme ve ta\u015f\u0131ma alanlar\u0131nda elektrikli ve gazl\u0131 sistemler ile \u00e7al\u0131\u015fan forkliftler kullan\u0131lmas\u0131, yaz\u0131c\u0131 \u00e7\u0131kt\u0131s\u0131 yerine ekran al\u0131nt\u0131s\u0131 yap\u0131lmas\u0131, mevcut \u00e7\u0131kt\u0131lar\u0131m\u0131z\u0131 m\u00fcsvedde\u00a0olarak kullan\u0131lmas\u0131, g\u00fcn \u0131\u015f\u0131\u011f\u0131ndan daha fazla faydalanmak i\u00e7in \u00fcretimin mesaiye daha erken ba\u015flamas\u0131 gibi somut uygulamalar ile hem \u00e7evresel ayak izimizi minimize ediyor, hem de \u00f6nemli ekonomik faydalar sa\u011fl\u0131yoruz.<\/p>\n<p>&nbsp;<\/p>\n<p>D\u00fcnyan\u0131n <strong>insanl\u0131\u011f\u0131n \u00f6zenine ve sorumlu davran\u0131\u015f\u0131na<\/strong> her zamankinden daha fazla ihtiya\u00e7 duydu\u011fu g\u00fcn\u00fcm\u00fczde, att\u0131\u011f\u0131m\u0131z her ad\u0131m\u0131n gelece\u011fe at\u0131lan bir ad\u0131m oldu\u011funun bilinciyle hareket etmekte ve operasyonlar\u0131m\u0131z\u0131 \u00e7evre bilinci ve sorumlulu\u011fuyla \u015fekillendirirken, i\u015f ortaklar\u0131m\u0131zdan da ayn\u0131 sa\u011fduyuyu talep etmekteyiz.<\/p>\n<\/div>\n\n\t\t<\/div>\n\t<\/div>\n\n\t\t<\/div> \n\t<\/div> \n<\/div><\/div><\/div><div class=\"ww-default wpb_row vc_row-fluid clearfix\"><div class=\"ww-container\" ><div class=\"row\">\r\n\n\t<div class=\"vc_col-sm-12 wpb_column column_container  \">\n\t\t<div class=\"wpb_wrapper\">\n\t\t\t<div class=\"vc_empty_space\"   style=\"height: 32px\"><span class=\"vc_empty_space_inner\"><\/span><\/div>\n\t\t<\/div> \n\t<\/div> \n<\/div><\/div><\/div>\n","protected":false},"excerpt":{"rendered":"S\u00fcrd\u00fcr\u00fclebilirlik \u00c7evre y\u00f6netimi ve enerji kaynaklar\u0131n\u0131n do\u011fru kullan\u0131lmas\u0131 \u00e7er\u00e7evesinde uygulamalar\u0131m\u0131z\u0131n s\u00fcrd\u00fcr\u00fclebilirlik performans\u0131m\u0131z \u00fczerindeki etkisini kabul ediyor, hukuksal zorunluluklar\u0131n \u00f6tesinde sorumlu s\u00fcre\u00e7ler ortaya koyuyoruz. &nbsp; \u00c7evresel risk ve tehditleri tespit ederek bu tehditleri y\u00f6netecek uygulamalar geli\u015ftiriyor; yak\u0131t tasarrufu, su tasarrufu, malzeme verimlili\u011fi yemekhane at\u0131klar\u0131n\u0131n hayvan bar\u0131nma kurumlar\u0131na iletilmesi, \u00e7al\u0131\u015fanlar\u0131m\u0131z\u0131n firmam\u0131z taraf\u0131ndan sa\u011flanan toplu ta\u015f\u0131ma hizmetine te\u015fvik [...]","protected":false},"author":1,"featured_media":0,"parent":0,"menu_order":0,"comment_status":"open","ping_status":"open","template":"page-titlebar.php","meta":{"footnotes":""},"class_list":["post-837","page","type-page","status-publish","hentry"],"_links":{"self":[{"href":"https:\/\/www.cesurfilm.com\/tr\/wp-json\/wp\/v2\/pages\/837","targetHints":{"allow":["GET"]}}],"collection":[{"href":"https:\/\/www.cesurfilm.com\/tr\/wp-json\/wp\/v2\/pages"}],"about":[{"href":"https:\/\/www.cesurfilm.com\/tr\/wp-json\/wp\/v2\/types\/page"}],"author":[{"embeddable":true,"href":"https:\/\/www.cesurfilm.com\/tr\/wp-json\/wp\/v2\/users\/1"}],"replies":[{"embeddable":true,"href":"https:\/\/www.cesurfilm.com\/tr\/wp-json\/wp\/v2\/comments?post=837"}],"version-history":[{"count":10,"href":"https:\/\/www.cesurfilm.com\/tr\/wp-json\/wp\/v2\/pages\/837\/revisions"}],"predecessor-version":[{"id":4309,"href":"https:\/\/www.cesurfilm.com\/tr\/wp-json\/wp\/v2\/pages\/837\/revisions\/4309"}],"wp:attachment":[{"href":"https:\/\/www.cesurfilm.com\/tr\/wp-json\/wp\/v2\/media?parent=837"}],"curies":[{"name":"wp","href":"https:\/\/api.w.org\/{rel}","templated":true}]}}